{"id":1549,"date":"2023-11-09T22:41:57","date_gmt":"2023-11-09T22:41:57","guid":{"rendered":"https:\/\/www.carlanogueiraconsulting.pt\/?page_id=1549"},"modified":"2024-07-28T15:51:08","modified_gmt":"2024-07-28T15:51:08","slug":"servicos","status":"publish","type":"page","link":"https:\/\/www.carlanogueiraconsulting.pt\/en\/servicos\/","title":{"rendered":"Services"},"content":{"rendered":"<div data-elementor-type=\"wp-page\" data-elementor-id=\"1549\" class=\"elementor elementor-1549\">\n\t\t\t\t\t\t\t\t\t<section class=\"elementor-section elementor-top-section elementor-element elementor-element-104189a elementor-section-height-min-height elementor-section-boxed elementor-section-height-default elementor-section-items-middle\" data-id=\"104189a\" data-element_type=\"section\" data-settings=\"{&quot;background_background&quot;:&quot;classic&quot;}\">\n\t\t\t\t\t\t\t<div class=\"elementor-background-overlay\"><\/div>\n\t\t\t\t\t\t\t<div class=\"elementor-container elementor-column-gap-default\">\n\t\t\t\t\t<div class=\"elementor-column elementor-col-100 elementor-top-column elementor-element elementor-element-08fe24d\" data-id=\"08fe24d\" data-element_type=\"column\">\n\t\t\t<div class=\"elementor-widget-wrap\">\n\t\t\t\t\t\t\t\t\t<\/div>\n\t\t<\/div>\n\t\t\t\t\t\t\t<\/div>\n\t\t<\/section>\n\t\t\t\t<section class=\"elementor-section elementor-top-section elementor-element elementor-element-ebb984f elementor-section-boxed elementor-section-height-default elementor-section-height-default\" data-id=\"ebb984f\" data-element_type=\"section\">\n\t\t\t\t\t\t<div class=\"elementor-container elementor-column-gap-default\">\n\t\t\t\t\t<div class=\"elementor-column elementor-col-100 elementor-top-column elementor-element elementor-element-f50ee23\" data-id=\"f50ee23\" data-element_type=\"column\">\n\t\t\t<div class=\"elementor-widget-wrap elementor-element-populated\">\n\t\t\t\t\t\t\t\t<div class=\"elementor-element elementor-element-5f77976 elementor-tabs-alignment-center elementor-widget__width-initial elementor-tabs-view-horizontal elementor-widget elementor-widget-tabs\" data-id=\"5f77976\" data-element_type=\"widget\" data-widget_type=\"tabs.default\">\n\t\t\t\t<div class=\"elementor-widget-container\">\n\t\t\t<style>\/*! elementor - v3.17.0 - 08-11-2023 *\/\n.elementor-widget-tabs.elementor-tabs-view-vertical .elementor-tabs-wrapper{width:25%;flex-shrink:0}.elementor-widget-tabs.elementor-tabs-view-vertical .elementor-tab-desktop-title.elementor-active{border-right-style:none}.elementor-widget-tabs.elementor-tabs-view-vertical .elementor-tab-desktop-title.elementor-active:after,.elementor-widget-tabs.elementor-tabs-view-vertical .elementor-tab-desktop-title.elementor-active:before{height:999em;width:0;right:0;border-right-style:solid}.elementor-widget-tabs.elementor-tabs-view-vertical .elementor-tab-desktop-title.elementor-active:before{top:0;transform:translateY(-100%)}.elementor-widget-tabs.elementor-tabs-view-vertical .elementor-tab-desktop-title.elementor-active:after{top:100%}.elementor-widget-tabs.elementor-tabs-view-horizontal .elementor-tab-desktop-title{display:table-cell}.elementor-widget-tabs.elementor-tabs-view-horizontal .elementor-tab-desktop-title.elementor-active{border-bottom-style:none}.elementor-widget-tabs.elementor-tabs-view-horizontal .elementor-tab-desktop-title.elementor-active:after,.elementor-widget-tabs.elementor-tabs-view-horizontal .elementor-tab-desktop-title.elementor-active:before{bottom:0;height:0;width:999em;border-bottom-style:solid}.elementor-widget-tabs.elementor-tabs-view-horizontal .elementor-tab-desktop-title.elementor-active:before{right:100%}.elementor-widget-tabs.elementor-tabs-view-horizontal .elementor-tab-desktop-title.elementor-active:after{left:100%}.elementor-widget-tabs .elementor-tab-content,.elementor-widget-tabs .elementor-tab-title,.elementor-widget-tabs .elementor-tab-title:after,.elementor-widget-tabs .elementor-tab-title:before,.elementor-widget-tabs .elementor-tabs-content-wrapper{border:1px #d5d8dc}.elementor-widget-tabs .elementor-tabs{text-align:left}.elementor-widget-tabs .elementor-tabs-wrapper{overflow:hidden}.elementor-widget-tabs .elementor-tab-title{cursor:pointer;outline:var(--focus-outline,none)}.elementor-widget-tabs .elementor-tab-desktop-title{position:relative;padding:20px 25px;font-weight:700;line-height:1;border:solid transparent}.elementor-widget-tabs .elementor-tab-desktop-title.elementor-active{border-color:#d5d8dc}.elementor-widget-tabs .elementor-tab-desktop-title.elementor-active:after,.elementor-widget-tabs .elementor-tab-desktop-title.elementor-active:before{display:block;content:\"\";position:absolute}.elementor-widget-tabs .elementor-tab-desktop-title:focus-visible{border:1px solid #000}.elementor-widget-tabs .elementor-tab-mobile-title{padding:10px;cursor:pointer}.elementor-widget-tabs .elementor-tab-content{padding:20px;display:none}@media (max-width:767px){.elementor-tabs .elementor-tab-content,.elementor-tabs .elementor-tab-title{border-style:solid solid none}.elementor-tabs .elementor-tabs-wrapper{display:none}.elementor-tabs .elementor-tabs-content-wrapper{border-bottom-style:solid}.elementor-tabs .elementor-tab-content{padding:10px}}@media (min-width:768px){.elementor-widget-tabs.elementor-tabs-view-vertical .elementor-tabs{display:flex}.elementor-widget-tabs.elementor-tabs-view-vertical .elementor-tabs-wrapper{flex-direction:column}.elementor-widget-tabs.elementor-tabs-view-vertical .elementor-tabs-content-wrapper{flex-grow:1;border-style:solid solid solid none}.elementor-widget-tabs.elementor-tabs-view-horizontal .elementor-tab-content{border-style:none solid solid}.elementor-widget-tabs.elementor-tabs-alignment-center .elementor-tabs-wrapper,.elementor-widget-tabs.elementor-tabs-alignment-end .elementor-tabs-wrapper,.elementor-widget-tabs.elementor-tabs-alignment-stretch .elementor-tabs-wrapper{display:flex}.elementor-widget-tabs.elementor-tabs-alignment-center .elementor-tabs-wrapper{justify-content:center}.elementor-widget-tabs.elementor-tabs-alignment-end .elementor-tabs-wrapper{justify-content:flex-end}.elementor-widget-tabs.elementor-tabs-alignment-stretch.elementor-tabs-view-horizontal .elementor-tab-title{width:100%}.elementor-widget-tabs.elementor-tabs-alignment-stretch.elementor-tabs-view-vertical .elementor-tab-title{height:100%}.elementor-tabs .elementor-tab-mobile-title{display:none}}<\/style>\t\t<div class=\"elementor-tabs\">\n\t\t\t<div class=\"elementor-tabs-wrapper\" role=\"tablist\" >\n\t\t\t\t\t\t\t\t\t<div id=\"elementor-tab-title-1001\" class=\"elementor-tab-title elementor-tab-desktop-title\" aria-selected=\"true\" data-tab=\"1\" role=\"tab\" tabindex=\"0\" aria-controls=\"elementor-tab-content-1001\" aria-expanded=\"false\">M&A \u2013 Merger and Acquisition<\/div>\n\t\t\t\t\t\t\t\t\t<div id=\"elementor-tab-title-1002\" class=\"elementor-tab-title elementor-tab-desktop-title\" aria-selected=\"false\" data-tab=\"2\" role=\"tab\" tabindex=\"-1\" aria-controls=\"elementor-tab-content-1002\" aria-expanded=\"false\">Servi\u00e7o de procurement <\/div>\n\t\t\t\t\t\t\t\t\t<div id=\"elementor-tab-title-1003\" class=\"elementor-tab-title elementor-tab-desktop-title\" aria-selected=\"false\" data-tab=\"3\" role=\"tab\" tabindex=\"-1\" aria-controls=\"elementor-tab-content-1003\" aria-expanded=\"false\">Assessoria nas negocia\u00e7\u00f5es<\/div>\n\t\t\t\t\t\t\t\t\t<div id=\"elementor-tab-title-1004\" class=\"elementor-tab-title elementor-tab-desktop-title\" aria-selected=\"false\" data-tab=\"4\" role=\"tab\" tabindex=\"-1\" aria-controls=\"elementor-tab-content-1004\" aria-expanded=\"false\">Avalia\u00e7\u00e3o de empresas<\/div>\n\t\t\t\t\t\t\t\t\t<div id=\"elementor-tab-title-1005\" class=\"elementor-tab-title elementor-tab-desktop-title\" aria-selected=\"false\" data-tab=\"5\" role=\"tab\" tabindex=\"-1\" aria-controls=\"elementor-tab-content-1005\" aria-expanded=\"false\">Necessita de cash flow para a sua empresa?<\/div>\n\t\t\t\t\t\t\t<\/div>\n\t\t\t<div class=\"elementor-tabs-content-wrapper\" role=\"tablist\" aria-orientation=\"vertical\">\n\t\t\t\t\t\t\t\t\t<div class=\"elementor-tab-title elementor-tab-mobile-title\" aria-selected=\"true\" data-tab=\"1\" role=\"tab\" tabindex=\"0\" aria-controls=\"elementor-tab-content-1001\" aria-expanded=\"false\">M&A \u2013 Merger and Acquisition<\/div>\n\t\t\t\t\t<div id=\"elementor-tab-content-1001\" class=\"elementor-tab-content elementor-clearfix\" data-tab=\"1\" role=\"tabpanel\" aria-labelledby=\"elementor-tab-title-1001\" tabindex=\"0\" hidden=\"false\"><p><strong>M&amp;A \u2013 Merger and Acquisition\u00a0<\/strong><\/p><p>\u00a0<\/p><p>\u00a0 A <strong>sigla M&amp;A ou<\/strong> <strong>F&amp;A<\/strong> em portugu\u00eas, significa que existe duas op\u00e7\u00f5es de opera\u00e7\u00f5es societ\u00e1rias, a fus\u00e3o, que \u00e9 quando duas empresas se unem e formam uma nova companhia, e a aquisi\u00e7\u00e3o, que \u00e9 quando uma organiza\u00e7\u00e3o compra outra e a incorpora nas suas opera\u00e7\u00f5es.<\/p><p>J\u00e1 considerou expandir os horizontes do seu neg\u00f3cio atrav\u00e9s de fus\u00e3o ou aquisi\u00e7\u00e3o empresarial?<\/p><p>Se sim, est\u00e1 prestes a dar um grande passo para o sucesso. E se n\u00e3o, est\u00e1 na hora de considerar essa estrat\u00e9gia altamente estrat\u00e9gica. Ao optar por este servi\u00e7o, estar\u00e1 a confiar em especialistas em fus\u00f5es e aquisi\u00e7\u00f5es empresariais M&amp;A \u2013 mergers and acquisitions, que possuem a experi\u00eancia e o conhecimento necess\u00e1rios para garantir que o seu neg\u00f3cio alcan\u00e7a novos patamares de crescimento e rentabilidade. N\u00f3s estamos aqui para ajud\u00e1-lo nessa jornada.<\/p><p>Atrav\u00e9s dessa estrat\u00e9gia, ir\u00e1 ter a oportunidade de ampliar a sua participa\u00e7\u00e3o no mercado, fortalecer a sua marca e conquistar uma posi\u00e7\u00e3o de destaque no setor. Unindo for\u00e7as com outras empresas, ter\u00e1 acesso a novos recursos, tecnologias, talentos e clientes, impulsionando oseu crescimento de maneira exponencial.<\/p><p>Atrav\u00e9s do nosso servi\u00e7o de fus\u00f5es e aquisi\u00e7\u00f5es, tomar\u00e1 decis\u00f5es estrat\u00e9gicas que moldar\u00e3o o futuro de sua empresa.<\/p><p>Lembre-se de que grandes l\u00edderes e empreendedores n\u00e3o t\u00eam medo de correr riscos calculados para garantir o sucesso de seus neg\u00f3cios. Estamos aqui para o acompanhar nesse pr\u00f3ximo passo em dire\u00e7\u00e3o \u00e0 conquista de seus objetivos.<\/p><p>Entre em contato conosco \u00a0e vamos come\u00e7ar a transforma\u00e7\u00e3o juntos!<\/p><p>\u00a0<\/p><\/div>\n\t\t\t\t\t\t\t\t\t<div class=\"elementor-tab-title elementor-tab-mobile-title\" aria-selected=\"false\" data-tab=\"2\" role=\"tab\" tabindex=\"-1\" aria-controls=\"elementor-tab-content-1002\" aria-expanded=\"false\">Servi\u00e7o de procurement <\/div>\n\t\t\t\t\t<div id=\"elementor-tab-content-1002\" class=\"elementor-tab-content elementor-clearfix\" data-tab=\"2\" role=\"tabpanel\" aria-labelledby=\"elementor-tab-title-1002\" tabindex=\"0\" hidden=\"hidden\"><p><em><strong>Servi\u00e7o de procurement<\/strong><\/em><\/p><p>No universo empresarial, investir com sabedoria \u00e9 uma estrat\u00e9gia fundamental para garantir o sucesso a longo prazo. Seja para a expans\u00e3o de um neg\u00f3cio consolidado ou para o primeiro investimento de um empreendedor, encontrar as empresas certas para investir pode ser um desafio significativo.<\/p><p>\u00c9 aqui que entra o nosso servi\u00e7o de procurement de empresas para investidores. Temos o prazer de oferecer uma solu\u00e7\u00e3o confi\u00e1vel e eficiente, proporcionando seguran\u00e7a e tranquilidade aos nossos clientes.<\/p><p>Contratar um consultor especializado para procurar um neg\u00f3cio para investir pode trazer uma s\u00e9rie de benef\u00edcios. Veja algumas raz\u00f5es pelas quais pode ser vantajoso contar com a ajuda de um consultor:<\/p><p><strong>Experi\u00eancia e expertise:<\/strong> Um consultor especializado tem conhecimento e experi\u00eancia na \u00e1rea de investimentos, o que pode ajud\u00e1-lo a identificar oportunidades de investimentos lucrativas e minimizar os riscos.<\/p><p><strong>Rede de contatos:<\/strong> O consultor tem uma ampla rede de contatos no mercado, o que pode facilitar a identifica\u00e7\u00e3o e negocia\u00e7\u00e3o de oportunidades de investimento.<\/p><p><strong>An\u00e1lise e avalia\u00e7\u00e3o de neg\u00f3cios:<\/strong> O consultor poder\u00e1 realizar uma an\u00e1lise detalhada e avalia\u00e7\u00e3o dos neg\u00f3cios em potencial, ajudando a identificar os mais adequados para o seu perfil e objetivos de investimento.<\/p><p><strong>Economia de tempo e recursos:<\/strong> Contratar um consultor especializado pode poupar tempo e recursos que seriam necess\u00e1rios para pesquisar e avaliar oportunidades de investimento por conta pr\u00f3pria.<\/p><p><strong>Negocia\u00e7\u00e3o:<\/strong> Consultores podem ajudar nas negocia\u00e7\u00f5es, garantindo que obtenha as melhores condi\u00e7\u00f5es poss\u00edveis ao investir num poss\u00edvel neg\u00f3cio.<\/p><p><br \/>Contratar um consultor pode, portanto, aumentar significativamente as hip\u00f3teses de sucesso ao investir num neg\u00f3cio, proporcionando uma abordagem mais informada e estrat\u00e9gica.<\/p><\/div>\n\t\t\t\t\t\t\t\t\t<div class=\"elementor-tab-title elementor-tab-mobile-title\" aria-selected=\"false\" data-tab=\"3\" role=\"tab\" tabindex=\"-1\" aria-controls=\"elementor-tab-content-1003\" aria-expanded=\"false\">Assessoria nas negocia\u00e7\u00f5es<\/div>\n\t\t\t\t\t<div id=\"elementor-tab-content-1003\" class=\"elementor-tab-content elementor-clearfix\" data-tab=\"3\" role=\"tabpanel\" aria-labelledby=\"elementor-tab-title-1003\" tabindex=\"0\" hidden=\"hidden\"><p><b>Assessoria nas negocia\u00e7\u00f5es:<\/b><\/p><p><span style=\"font-weight: 400;\">Contratar um Mediador de Neg\u00f3cios para participar no processo de negocia\u00e7\u00f5es, ter um elemento neutro, profissional, que n\u00e3o est\u00e1 sujeito as press\u00f5es que habitualmente existem em qualquer negocia\u00e7\u00e3o entre empresas e empres\u00e1rios \u00e9 uma mais-valia.\u00a0<\/span><\/p><p>Contratar algu\u00e9m especializado para fazer as negocia\u00e7\u00f5es da sua empresa pode trazer v\u00e1rios benef\u00edcios significativos, tais como:<\/p><p><strong>Experi\u00eancia e Habilidade:<\/strong> Os profissionais de negocia\u00e7\u00e3o det\u00eam habilidades e experi\u00eancia espec\u00edfica que pode resultar em acordos e termos mais favor\u00e1veis.<\/p><p><strong>Economia de Tempo:<\/strong> Delegar as negocia\u00e7\u00f5es permite que voc\u00ea e a sua equipa se concentrem em outras \u00e1reas estrat\u00e9gicas e operacionais do neg\u00f3cio.<\/p><p><strong>Redu\u00e7\u00e3o de Conflitos:<\/strong> Os negociadores experientes s\u00e3o uma mais valia para a gest\u00e3o de conflitos e podem mediar situa\u00e7\u00f5es dif\u00edceis, mantendo rela\u00e7\u00f5es comerciais saud\u00e1veis.<\/p><\/div>\n\t\t\t\t\t\t\t\t\t<div class=\"elementor-tab-title elementor-tab-mobile-title\" aria-selected=\"false\" data-tab=\"4\" role=\"tab\" tabindex=\"-1\" aria-controls=\"elementor-tab-content-1004\" aria-expanded=\"false\">Avalia\u00e7\u00e3o de empresas<\/div>\n\t\t\t\t\t<div id=\"elementor-tab-content-1004\" class=\"elementor-tab-content elementor-clearfix\" data-tab=\"4\" role=\"tabpanel\" aria-labelledby=\"elementor-tab-title-1004\" tabindex=\"0\" hidden=\"hidden\"><p><strong>Avalia\u00e7\u00e3o de empresas<\/strong><\/p><p>Fazer uma avalia\u00e7\u00e3o da sua empresa \u00e9 importante por v\u00e1rias raz\u00f5es:<\/p><p><strong>Identificar pontos fortes e fracos:<\/strong> Ao fazer uma avalia\u00e7\u00e3o da sua empresa, ser\u00e1 mais f\u00e1cil identificar os pontos fortes da sua empresa, que podem ser explorados e fortalecidos, bem como os pontos fracos que precisam ser melhorados. Isso ajuda a direcionar os esfor\u00e7os e recursos de forma mais eficiente.<\/p><p><strong>Tomar decis\u00f5es informadas:<\/strong> Uma avalia\u00e7\u00e3o ajuda a obter informa\u00e7\u00f5es sobre o desempenho da empresa, como vendas, custos, lucros, satisfa\u00e7\u00e3o do cliente, produtividade dos funcion\u00e1rios, entre outros. Com essas informa\u00e7\u00f5es, voc\u00ea pode tomar decis\u00f5es informadas e estrat\u00e9gicas para melhorar o desempenho e a competitividade da empresa.<\/p><p><strong>Identificar oportunidades de crescimento:<\/strong> A avalia\u00e7\u00e3o da empresa permite identificar oportunidades de crescimento, tanto internas quanto externas. Por exemplo, voc\u00ea pode identificar \u00e1reas em que a empresa pode expandir os seus produtos ou servi\u00e7os, ou identificar oportunidades de parceria ou aquisi\u00e7\u00e3o vantajosas.<\/p><p><strong>Aumentar a transpar\u00eancia e a confian\u00e7a:<\/strong> Ao realizar uma avalia\u00e7\u00e3o da empresa, voc\u00ea mostra transpar\u00eancia aos seus funcion\u00e1rios, clientes e fornecedores, o que pode aumentar a confian\u00e7a e a credibilidade da empresa.<\/p><p><strong>Melhorar a efici\u00eancia e o desempenho:<\/strong> A avalia\u00e7\u00e3o ajuda a identificar dificuldades, processos ineficientes ou \u00e1reas que precisam de melhoria. Com base nessas informa\u00e7\u00f5es, voc\u00ea pode implementar estrat\u00e9gias e a\u00e7\u00f5es para melhorar a efici\u00eancia e o desempenho da empresa.<\/p><p>Em resumo, fazer uma avalia\u00e7\u00e3o da sua empresa \u00e9 importante para identificar pontos fortes e fracos, tomar decis\u00f5es informadas, identificar oportunidades de crescimento, aumentar a transpar\u00eancia e a confian\u00e7a, al\u00e9m de melhorar a efici\u00eancia e o desempenho geral da empresa.<\/p><\/div>\n\t\t\t\t\t\t\t\t\t<div class=\"elementor-tab-title elementor-tab-mobile-title\" aria-selected=\"false\" data-tab=\"5\" role=\"tab\" tabindex=\"-1\" aria-controls=\"elementor-tab-content-1005\" aria-expanded=\"false\">Necessita de cash flow para a sua empresa?<\/div>\n\t\t\t\t\t<div id=\"elementor-tab-content-1005\" class=\"elementor-tab-content elementor-clearfix\" data-tab=\"5\" role=\"tabpanel\" aria-labelledby=\"elementor-tab-title-1005\" tabindex=\"0\" hidden=\"hidden\"><p><strong>Necessita de obter Cash Flow para a sua empresa?<\/strong>\u00a0<\/p><p>Mas n\u00e3o quer comprometer a log\u00edstica operacional ao vender o seu im\u00f3vel comercial? Bem, temos a solu\u00e7\u00e3o perfeita para si e para a sua empresa!<\/p><p>O nosso servi\u00e7o de venda de im\u00f3veis comerciais e industriais a investidores, que temos em carteira, oferece a oportunidade de obter o capital necess\u00e1rio para sua empresa, ao mesmo tempo em que mant\u00e9m a estrutura log\u00edstica intacta. \u00c9 um cen\u00e1rio ideal para quem procura uma solu\u00e7\u00e3o inteligente e estrat\u00e9gica!<\/p><p>Imagine um investidor disposto a comprar seu im\u00f3vel e, em troca, a empresa paga uma renda mensal. Dessa forma, a sua empresa n\u00e3o apenas obt\u00e9m o t\u00e3o necess\u00e1rio Cash Flow, mas tamb\u00e9m continua com a infraestrutura essencial para as suas opera\u00e7\u00f5es di\u00e1rias.<\/p><p>Entendemos que o seu im\u00f3vel \u00e9 um ativo valioso para o sucesso da sua empresa. \u00c9 a base sobre a qual voc\u00ea construiu o seu neg\u00f3cio. Portanto, sabemos o qu\u00e3o crucial \u00e9 manter a continuidade das opera\u00e7\u00f5es, mesmo diante das necessidades financeiras.<\/p><p>N\u00e3o deixe que a falta de Cash Flow coloque em risco o futuro da sua empresa. Invista na solu\u00e7\u00e3o que lhe permite manter sua log\u00edstica intacta e obter o capital necess\u00e1rio para alavancar os seus neg\u00f3cios.<\/p><p>Entre em contato conosco agora mesmo e descubra como o nosso servi\u00e7o de venda de im\u00f3veis comerciais e industriais a investidores pode mudar o rumo da sua empresa. N\u00e3o perca mais tempo, escolha uma estrat\u00e9gia inteligente e que garante o futuro do seu neg\u00f3cio.\u00a0<\/p><\/div>\n\t\t\t\t\t\t\t<\/div>\n\t\t<\/div>\n\t\t\t\t<\/div>\n\t\t\t\t<\/div>\n\t\t\t\t\t<\/div>\n\t\t<\/div>\n\t\t\t\t\t\t\t<\/div>\n\t\t<\/section>\n\t\t\t\t\t\t\t<\/div>","protected":false},"excerpt":{"rendered":"<p>M&#038;A \u2013 Merger and Acquisition Servi\u00e7o de procurement Assessoria nas negocia\u00e7\u00f5es Avalia\u00e7\u00e3o de empresas Necessita de cash flow para a sua empresa? M&#038;A \u2013 Merger and Acquisition M&amp;A \u2013 Merger and Acquisition\u00a0 \u00a0 \u00a0 A sigla M&amp;A ou F&amp;A em portugu\u00eas, significa que existe duas op\u00e7\u00f5es de opera\u00e7\u00f5es societ\u00e1rias, a fus\u00e3o, que \u00e9 quando duas &hellip;<\/p>\n<p class=\"read-more\"> <a class=\"\" href=\"https:\/\/www.carlanogueiraconsulting.pt\/en\/servicos\/\"> <span class=\"screen-reader-text\">Services<\/span> Read More &raquo;<\/a><\/p>","protected":false},"author":1,"featured_media":0,"parent":0,"menu_order":0,"comment_status":"closed","ping_status":"closed","template":"","meta":{"site-sidebar-layout":"no-sidebar","site-content-layout":"page-builder","ast-site-content-layout":"","site-content-style":"default","site-sidebar-style":"default","ast-global-header-display":"","ast-banner-title-visibility":"","ast-main-header-display":"","ast-hfb-above-header-display":"","ast-hfb-below-header-display":"","ast-hfb-mobile-header-display":"","site-post-title":"disabled","ast-breadcrumbs-content":"","ast-featured-img":"disabled","footer-sml-layout":"","theme-transparent-header-meta":"","adv-header-id-meta":"","stick-header-meta":"","header-above-stick-meta":"","header-main-stick-meta":"","header-below-stick-meta":"","astra-migrate-meta-layouts":"","ast-page-background-enabled":"default","ast-page-background-meta":{"desktop":{"background-color":"","background-image":"","background-repeat":"repeat","background-position":"center center","background-size":"auto","background-attachment":"scroll","background-type":"","background-media":"","overlay-type":"","overlay-color":"","overlay-gradient":""},"tablet":{"background-color":"","background-image":"","background-repeat":"repeat","background-position":"center center","background-size":"auto","background-attachment":"scroll","background-type":"","background-media":"","overlay-type":"","overlay-color":"","overlay-gradient":""},"mobile":{"background-color":"","background-image":"","background-repeat":"repeat","background-position":"center center","background-size":"auto","background-attachment":"scroll","background-type":"","background-media":"","overlay-type":"","overlay-color":"","overlay-gradient":""}},"ast-content-background-meta":{"desktop":{"background-color":"var(--ast-global-color-5)","background-image":"","background-repeat":"repeat","background-position":"center center","background-size":"auto","background-attachment":"scroll","background-type":"","background-media":"","overlay-type":"","overlay-color":"","overlay-gradient":""},"tablet":{"background-color":"var(--ast-global-color-5)","background-image":"","background-repeat":"repeat","background-position":"center center","background-size":"auto","background-attachment":"scroll","background-type":"","background-media":"","overlay-type":"","overlay-color":"","overlay-gradient":""},"mobile":{"background-color":"var(--ast-global-color-5)","background-image":"","background-repeat":"repeat","background-position":"center center","background-size":"auto","background-attachment":"scroll","background-type":"","background-media":"","overlay-type":"","overlay-color":"","overlay-gradient":""}}},"aioseo_notices":[],"_links":{"self":[{"href":"https:\/\/www.carlanogueiraconsulting.pt\/en\/wp-json\/wp\/v2\/pages\/1549"}],"collection":[{"href":"https:\/\/www.carlanogueiraconsulting.pt\/en\/wp-json\/wp\/v2\/pages"}],"about":[{"href":"https:\/\/www.carlanogueiraconsulting.pt\/en\/wp-json\/wp\/v2\/types\/page"}],"author":[{"embeddable":true,"href":"https:\/\/www.carlanogueiraconsulting.pt\/en\/wp-json\/wp\/v2\/users\/1"}],"replies":[{"embeddable":true,"href":"https:\/\/www.carlanogueiraconsulting.pt\/en\/wp-json\/wp\/v2\/comments?post=1549"}],"version-history":[{"count":86,"href":"https:\/\/www.carlanogueiraconsulting.pt\/en\/wp-json\/wp\/v2\/pages\/1549\/revisions"}],"predecessor-version":[{"id":2311,"href":"https:\/\/www.carlanogueiraconsulting.pt\/en\/wp-json\/wp\/v2\/pages\/1549\/revisions\/2311"}],"wp:attachment":[{"href":"https:\/\/www.carlanogueiraconsulting.pt\/en\/wp-json\/wp\/v2\/media?parent=1549"}],"curies":[{"name":"wp","href":"https:\/\/api.w.org\/{rel}","templated":true}]}}